{"id":18,"date":"2011-11-24T20:41:13","date_gmt":"2011-11-24T20:41:13","guid":{"rendered":"http:\/\/musiquemixte.sfam.org\/?page_id=18"},"modified":"2012-03-04T08:24:50","modified_gmt":"2012-03-04T08:24:50","slug":"renseignements-pratiques","status":"publish","type":"page","link":"https:\/\/musiquemixte.sfam.org\/?page_id=18","title":{"rendered":"Renseignements pratiques"},"content":{"rendered":"<h2>Lieu<\/h2>\n<p>IRCAM<br \/>\nSalle Stravinsky<br \/>\n1, place Igor-Stravinsky, 75004 Paris<br \/>\nM\u00e9tro : H\u00f4tel de Ville, Rambuteau, Ch\u00e2telet, Les Halles<\/p>\n<p><iframe loading=\"lazy\" src=\"http:\/\/maps.google.fr\/maps?f=q&amp;source=s_q&amp;hl=fr&amp;geocode=&amp;q=Ircam,+1,+place+Igor-Stravinsky,+75004+Paris&amp;aq=&amp;sll=48.859477,2.351546&amp;sspn=0.054775,0.07184&amp;ie=UTF8&amp;hq=Ircam,+1,+place+Igor-Stravinsky,+75004+Paris&amp;t=m&amp;ll=48.861722,2.352705&amp;spn=0.019763,0.036478&amp;z=14&amp;iwloc=A&amp;output=embed\" frameborder=\"0\" marginwidth=\"0\" marginheight=\"0\" scrolling=\"no\" width=\"425\" height=\"350\"><\/iframe><\/p>\n<h2>Hotels<\/h2>\n<p>Voici quelques h\u00f4tels \u00e0 proximit\u00e9.<\/p>\n<p>H\u00f4tel du Cygne<br \/>\n3 rue du Cygne &#8211; 75001 Paris<br \/>\n<a href=\"http:\/\/www.hotelducygne.fr\" target=\"_blank\">http:\/\/www.hotelducygne.fr<\/a><br \/>\nPr\u00e9ciser que c&rsquo;est pour la SFAM.<br \/>\nChambres \u00e0 partir de 65\u20ac<\/p>\n<p>H\u00f4tel Tiquetonne<br \/>\n6 Rue Tiquetonne 75002 Paris<br \/>\n<a href=\"http:\/\/hoteltiquetonne.fr\/fr\/accueilfr.html\" target=\"_blank\">http:\/\/hoteltiquetonne.fr\/fr\/accueilfr.html<br \/>\n<\/a>Chambres \u00e0 partir de 65\u20ac<\/p>\n<p>H\u00f4tel des Archives<br \/>\n<a href=\"http:\/\/www.hoteldesarchives.com\/fr\/index.php\" target=\"_blank\">http:\/\/www.hoteldesarchives.com\/fr\/index.php<br \/>\n<\/a>Chambres \u00e0 partir de 150\u20ac<\/p>\n<p>&nbsp;<\/p>\n","protected":false},"excerpt":{"rendered":"<p>Lieu IRCAM Salle Stravinsky 1, place Igor-Stravinsky, 75004 Paris M\u00e9tro : H\u00f4tel de Ville, Rambuteau, Ch\u00e2telet, Les Halles Hotels Voici quelques h\u00f4tels \u00e0 proximit\u00e9. H\u00f4tel du Cygne 3 rue du Cygne &#8211; 75001 Paris http:\/\/www.hotelducygne.fr Pr\u00e9ciser que c&rsquo;est pour la &hellip; <a href=\"https:\/\/musiquemixte.sfam.org\/?page_id=18\">Continue reading <span class=\"meta-nav\">&rarr;<\/span><\/a><\/p>\n","protected":false},"author":1,"featured_media":0,"parent":0,"menu_order":3,"comment_status":"closed","ping_status":"closed","template":"","meta":[],"_links":{"self":[{"href":"https:\/\/musiquemixte.sfam.org\/index.php?rest_route=\/wp\/v2\/pages\/18"}],"collection":[{"href":"https:\/\/musiquemixte.sfam.org\/index.php?rest_route=\/wp\/v2\/pages"}],"about":[{"href":"https:\/\/musiquemixte.sfam.org\/index.php?rest_route=\/wp\/v2\/types\/page"}],"author":[{"embeddable":true,"href":"https:\/\/musiquemixte.sfam.org\/index.php?rest_route=\/wp\/v2\/users\/1"}],"replies":[{"embeddable":true,"href":"https:\/\/musiquemixte.sfam.org\/index.php?rest_route=%2Fwp%2Fv2%2Fcomments&post=18"}],"version-history":[{"count":10,"href":"https:\/\/musiquemixte.sfam.org\/index.php?rest_route=\/wp\/v2\/pages\/18\/revisions"}],"predecessor-version":[{"id":165,"href":"https:\/\/musiquemixte.sfam.org\/index.php?rest_route=\/wp\/v2\/pages\/18\/revisions\/165"}],"wp:attachment":[{"href":"https:\/\/musiquemixte.sfam.org\/index.php?rest_route=%2Fwp%2Fv2%2Fmedia&parent=18"}],"curies":[{"name":"wp","href":"https:\/\/api.w.org\/{rel}","templated":true}]}}