{"id":97,"date":"2012-02-22T17:14:02","date_gmt":"2012-02-22T17:14:02","guid":{"rendered":"http:\/\/musiquemixte.sfam.org\/?page_id=97"},"modified":"2012-02-22T17:15:25","modified_gmt":"2012-02-22T17:15:25","slug":"analyse-du-processus-de-composition-mixte-chez-luis-naon-le-cas-de-claustrum","status":"publish","type":"page","link":"http:\/\/musiquemixte.sfam.org\/?page_id=97","title":{"rendered":"Analyse du processus de composition mixte chez Luis Na\u00f3n : le cas de Claustrum"},"content":{"rendered":"<p>Cette analyse s\u2019int\u00e9resse \u00e0 la pi\u00e8ce mixte pour percussion et bande <em>Claustrum<\/em> (1996-1997) de Luis Na\u00f3n. Prenant pour objet d\u2019\u00e9tude non l\u2019\u0153uvre en soi, mais son processus de composition, notre analyse vise \u00e0 mettre en \u00e9vidence les influences des dispositifs technologiques sur le travail compositionnel, particuli\u00e8rement sur la conception des hauteurs, du rythme, de la forme. Apr\u00e8s avoir \u00e9tabli un dossier g\u00e9n\u00e9tique rassemblant diverses sources primaires recueillies sur <em>Claustrum<\/em> (cahier personnel tenu durant le travail de composition, esquisses, plans formels, partitions de travail, enregistrements sonores), nous avons men\u00e9 deux entretiens (2011) avec le compositeur. L\u2019examen du dossier g\u00e9n\u00e9tique sert ainsi \u00e0 d\u00e9passer les commentaires autoanalytiques pr\u00e9existants, le compositeur ayant consacr\u00e9 sa th\u00e8se de doctorat au cycle d\u2019\u0153uvres auquel appartient <em>Claustrum<\/em>. Bien que <em>Claustrum<\/em> soit r\u00e9trospectivement d\u00e9nomm\u00e9e opus \u201c6\u201d par le compositeur au sein de son cycle <em>Urbana<\/em>, elle est chronologiquement plac\u00e9e en position \u201c-1\u201d : c\u2019est juste apr\u00e8s son exp\u00e9rience pour <em>Claustrum<\/em> que le compositeur a entrepris son grand cycle avec <em>Urbana<\/em> (1997-1998), la pi\u00e8ce \u00e9ponyme du cycle. Aussi, nous interrogeons ici les liens de Claustrum avec plusieurs pi\u00e8ces ult\u00e9rieures du cycle. Cette analyse permet de d\u00e9celer une pens\u00e9e compositionnelle presque indiff\u00e9renci\u00e9e en terme d\u2019instrumentarium (instrumental ou \u00e9lectronique). Le compositeur ancre davantage son travail dans un imaginaire m\u00e9taphorique (par ex. jeux d\u2019enfermements mutuels) et num\u00e9rique (par ex. relations de proportionnalit\u00e9), l\u2019amenant \u00e0 red\u00e9velopper ult\u00e9rieurement certaines id\u00e9es dans d\u2019autres compositions du cycle, mixtes et non mixtes.<\/p>\n<div>\n<h2>No\u00e9mie Sprenger-Ohana<\/h2>\n<p>(Universit\u00e9 de Lille-Nord de France (UDL3-CEAC) \/ Laboratoire STMS (Ircam-CNRS-UPMC)<\/p>\n<p>Apr\u00e8s une Licence <em>Arts et technologies<\/em> \u00e0 l\u2019universit\u00e9 de Marne-La-Vall\u00e9e, No\u00e9mie Sprenger a obtenu un Master de musicologie \u00e0 l\u2019universit\u00e9 de Paris-Sorbonne, en <em>Musiques \u00e9lectroacoustiques<\/em> (dir. M. Battier), et en <em>M\u00e9diation musicale<\/em> (partenariat avec l\u2019Orchestre National d\u2019Ile-de-France). Recherchant \u00e0 \u00e9valuer les impacts des technologies \u00e9lectroacoustiques et informatiques sur la cr\u00e9ation musicale contemporaine, elle s\u2019est aussi attel\u00e9e \u00e0 l\u2019analyse des musiques acousmatiques et mixtes dans des r\u00e9alisations multim\u00e9dias (\u0153uvres de F. Bayle pour le GRM, pi\u00e8ce de E. Cipollone pour l&rsquo;Ircam&#8230;). Actuellement doctorante \u00e0 l\u2019universit\u00e9 de Lille-Nord de France, elle convoque dans son projet de th\u00e8se (dir. V. Tiffon) les m\u00e9thodes crois\u00e9es de l&rsquo;analyse g\u00e9n\u00e9tique et de l\u2019entretien, en vue d&rsquo;\u00e9tudier certains cas de processus de composition d\u2019\u0153uvres mixtes \u00e0 partir des ann\u00e9es 80. Accueillie \u00e0 cet effet dans l\u2019\u00e9quipe <em>Analyse des pratiques musicales<\/em> de l\u2019Ircam, elle y a \u00e9galement men\u00e9 depuis 2009 une recherche approfondie sur le processus de composition de <em>Traiettoria<\/em> de Marco Stroppa, en collaboration avec le musicologue V.Tiffon, dans le cadre du projet ANR <em>MuTeC<\/em>.<\/p>\n<\/div>\n","protected":false},"excerpt":{"rendered":"<p>Cette analyse s\u2019int\u00e9resse \u00e0 la pi\u00e8ce mixte pour percussion et bande Claustrum (1996-1997) de Luis Na\u00f3n. Prenant pour objet d\u2019\u00e9tude non l\u2019\u0153uvre en soi, mais son processus de composition, notre analyse vise \u00e0 mettre en \u00e9vidence les influences des dispositifs &hellip; <a href=\"http:\/\/musiquemixte.sfam.org\/?page_id=97\">Continue reading <span class=\"meta-nav\">&rarr;<\/span><\/a><\/p>\n","protected":false},"author":1,"featured_media":0,"parent":0,"menu_order":0,"comment_status":"closed","ping_status":"closed","template":"","meta":[],"_links":{"self":[{"href":"http:\/\/musiquemixte.sfam.org\/index.php?rest_route=\/wp\/v2\/pages\/97"}],"collection":[{"href":"http:\/\/musiquemixte.sfam.org\/index.php?rest_route=\/wp\/v2\/pages"}],"about":[{"href":"http:\/\/musiquemixte.sfam.org\/index.php?rest_route=\/wp\/v2\/types\/page"}],"author":[{"embeddable":true,"href":"http:\/\/musiquemixte.sfam.org\/index.php?rest_route=\/wp\/v2\/users\/1"}],"replies":[{"embeddable":true,"href":"http:\/\/musiquemixte.sfam.org\/index.php?rest_route=%2Fwp%2Fv2%2Fcomments&post=97"}],"version-history":[{"count":3,"href":"http:\/\/musiquemixte.sfam.org\/index.php?rest_route=\/wp\/v2\/pages\/97\/revisions"}],"predecessor-version":[{"id":99,"href":"http:\/\/musiquemixte.sfam.org\/index.php?rest_route=\/wp\/v2\/pages\/97\/revisions\/99"}],"wp:attachment":[{"href":"http:\/\/musiquemixte.sfam.org\/index.php?rest_route=%2Fwp%2Fv2%2Fmedia&parent=97"}],"curies":[{"name":"wp","href":"https:\/\/api.w.org\/{rel}","templated":true}]}}