{"id":80,"date":"2012-02-01T12:35:20","date_gmt":"2012-02-01T12:35:20","guid":{"rendered":"http:\/\/musiquemixte.sfam.org\/?page_id=80"},"modified":"2012-02-01T12:37:15","modified_gmt":"2012-02-01T12:37:15","slug":"de-lorchestration-de-la-musique-electroacoustique","status":"publish","type":"page","link":"http:\/\/musiquemixte.sfam.org\/?page_id=80","title":{"rendered":"De l\u2019orchestration de la musique \u00e9lectroacoustique"},"content":{"rendered":"<div>\n<p>La n\u00e9cessit\u00e9 d\u2019un renouvellement de la th\u00e9orie de l\u2019orchestration se fait sentir en musique moderne. Ayant un acc\u00e8s \u00e0 des timbres in\u00e9dits et un contr\u00f4le raffin\u00e9 sur les param\u00e8tres du son par le biais des \u00ab machines \u00bb, les compositeurs se trouvent maintenant devant un \u00e9ventail d\u00e9concertant de choix musicaux. Sous l\u2019impulsion de ce d\u00e9veloppement technologique rapide, la science musicale de l\u2019organisation du timbre, l\u2019orchestration, n\u2019a pourtant pas connu un renouvellement th\u00e9orique pouvant s\u2019inscrire dans la d\u00e9marche des compositeurs.<\/p>\n<p>En 2011, Rodolphe Champagne a entrepris l\u2019\u00e9laboration d\u2019un guide pratique de l\u2019orchestration en musique mixte. Son travail s\u2019inspire des principes g\u00e9n\u00e9raux de l\u2019orchestration et des recherches sur la morphologie sonore. Cette communication fait \u00e9tat de la premi\u00e8re \u00e9tape de son travail, qui consiste \u00e0 \u00e9laborer une m\u00e9thode d\u2019analyse du timbre en fonction du r\u00f4le des plans sonores. C\u2019est par l\u2019\u00e9tude des principaux trait\u00e9s d\u2019orchestration qu\u2019a pris forme cette id\u00e9e d\u2019une segmentation fonctionnelle de la texture musicale, o\u00f9 chaque \u00e9l\u00e9ment du timbre est class\u00e9 en fonction de son r\u00f4le d\u2019avant-plan, de g\u00e9n\u00e9rateur de mouvement ou de r\u00e9sonance. Il entend d\u00e9montrer, en s\u2019appuyant sur la th\u00e9orie gestaltiste, qu\u2019une prise de conscience d\u2019un tel mod\u00e8le permettrait au compositeur de faciliter la communication avec l\u2019auditeur.<\/p>\n<p>L\u2019\u00e9chantillon \u00e0 partir duquel il testera son mod\u00e8le se veut repr\u00e9sentatif d\u2019une r\u00e9alit\u00e9 contemporaine o\u00f9 la fronti\u00e8re entre musique savante et populaire n\u2019est plus aussi claire qu\u2019au si\u00e8cle dernier. Il comparera ainsi la pi\u00e8ce acousmatique Point de Fuite de Francis Dhomont et le tube Electropop Da <em>Funk<\/em> de Daft Punk sur la base de ce mod\u00e8le.<\/p>\n<h2>Rodolphe Raymond-Champagne<\/h2>\n<div>\n<p>Rodolphe Champagne est \u00e9tudiant en musicologie \u00e0 l\u2019universit\u00e9 de Montr\u00e9al. En plus\u00a0d\u2019avoir acquis une formation professionnelle en tant qu\u2019interpr\u00e8te avec le guitariste Bruno Perron et le chanteur Mark Pedrotti, il \u00e9tudiera la composition instrumentale et l\u2019\u00e9criture avec Alan\u00a0 Belkin, compositeur et p\u00e9dagogue montr\u00e9alais.<\/p>\n<p>Il s\u2019initiera \u00e0 la musicologie en 2008 lors d\u2019un s\u00e9jour d\u2019\u00e9tude d\u2019un an au d\u00e9partement\u00a0musique et danse de Lille 3. Il y d\u00e9veloppera un fort int\u00e9r\u00eat pour la musique \u00e9lectroacoustique et commencera \u00e0 en \u00e9tudier les processus de cr\u00e9ation. En 2011, il entreprendra une th\u00e8se visant \u00e0 l\u2019application de principes g\u00e9n\u00e9raux d\u2019orchestration \u00e0 la musique \u00e9lectroacoustique. Ses professeurs comptent les musicologues Jean-Jacques Nattiez et Sophie St\u00e9vance, ainsi que le\u00a0 compositeur Robert Normandeau.<\/p>\n<div>\n<div>\n<div>\n<p>Rodolphe est \u00e9galement actif sur la sc\u00e8ne musicale ind\u00e9pendante qu\u00e9b\u00e9coise. En plus\u00a0d\u2019avoir pr\u00e9sent\u00e9 des spectacles au Canada et en France, il dirige, depuis 2 ans, la production de\u00a0deux groupes montr\u00e9alais.<\/p>\n<\/div>\n<\/div>\n<\/div>\n<\/div>\n<\/div>\n","protected":false},"excerpt":{"rendered":"<p>La n\u00e9cessit\u00e9 d\u2019un renouvellement de la th\u00e9orie de l\u2019orchestration se fait sentir en musique moderne. Ayant un acc\u00e8s \u00e0 des timbres in\u00e9dits et un contr\u00f4le raffin\u00e9 sur les param\u00e8tres du son par le biais des \u00ab machines \u00bb, les compositeurs &hellip; <a href=\"http:\/\/musiquemixte.sfam.org\/?page_id=80\">Continue reading <span class=\"meta-nav\">&rarr;<\/span><\/a><\/p>\n","protected":false},"author":1,"featured_media":0,"parent":0,"menu_order":0,"comment_status":"closed","ping_status":"closed","template":"","meta":[],"_links":{"self":[{"href":"http:\/\/musiquemixte.sfam.org\/index.php?rest_route=\/wp\/v2\/pages\/80"}],"collection":[{"href":"http:\/\/musiquemixte.sfam.org\/index.php?rest_route=\/wp\/v2\/pages"}],"about":[{"href":"http:\/\/musiquemixte.sfam.org\/index.php?rest_route=\/wp\/v2\/types\/page"}],"author":[{"embeddable":true,"href":"http:\/\/musiquemixte.sfam.org\/index.php?rest_route=\/wp\/v2\/users\/1"}],"replies":[{"embeddable":true,"href":"http:\/\/musiquemixte.sfam.org\/index.php?rest_route=%2Fwp%2Fv2%2Fcomments&post=80"}],"version-history":[{"count":4,"href":"http:\/\/musiquemixte.sfam.org\/index.php?rest_route=\/wp\/v2\/pages\/80\/revisions"}],"predecessor-version":[{"id":84,"href":"http:\/\/musiquemixte.sfam.org\/index.php?rest_route=\/wp\/v2\/pages\/80\/revisions\/84"}],"wp:attachment":[{"href":"http:\/\/musiquemixte.sfam.org\/index.php?rest_route=%2Fwp%2Fv2%2Fmedia&parent=80"}],"curies":[{"name":"wp","href":"https:\/\/api.w.org\/{rel}","templated":true}]}}