{"id":23,"date":"2011-11-24T20:48:31","date_gmt":"2011-11-24T20:48:31","guid":{"rendered":"http:\/\/musiquemixte.sfam.org\/?page_id=23"},"modified":"2012-03-09T19:15:35","modified_gmt":"2012-03-09T19:15:35","slug":"programme","status":"publish","type":"page","link":"http:\/\/musiquemixte.sfam.org\/?page_id=23","title":{"rendered":"Programme"},"content":{"rendered":"<h2>Jeudi 5 avril 2012<\/h2>\n<p>Lieu : <a href=\"http:\/\/musiquemixte.sfam.org\/?page_id=18\">IRCAM, salle Igor-Stravinsky<\/a><\/p>\n<table>\n<tbody>\n<tr>\n<td width=\"100px\">9h00<\/td>\n<td>Accueil<\/td>\n<\/tr>\n<tr>\n<td>9h30<\/td>\n<td><strong>Ouverture du colloque<\/strong><br \/>\nFrank Madlener (Ircam)<br \/>\nBruno Bossis, Pierre Couprie (SFAM)<\/td>\n<\/tr>\n<tr>\n<td>9h45-10h45<\/td>\n<td><strong>Keynote :\u00a0Angelo Orcalli<br \/>\n<\/strong><a href=\"http:\/\/musiquemixte.sfam.org\/?page_id=195\">Th\u00e9orie et interpr\u00e9tation dans l\u2019analyse de la musique mixte<\/a><\/td>\n<\/tr>\n<tr>\n<td>10h45<\/td>\n<td>Pause<\/td>\n<\/tr>\n<tr>\n<td>11h00-12h30<\/td>\n<td><strong>Session 1 : outils, m\u00e9thodes, questions (1)<br \/>\n<\/strong>Session pr\u00e9sid\u00e9e par Nicolas Donin<br \/>\nAlexander Mihalic, <a href=\"http:\/\/musiquemixte.sfam.org\/?page_id=123\">Analyser la musique mixte<\/a><br \/>\nPhilippe Lalitte, <a href=\"http:\/\/musiquemixte.sfam.org\/?page_id=132\">Narrativit\u00e9 et topiques de la musique mixte<\/a><br \/>\nRodolphe Raymond-Champagne, <a href=\"http:\/\/musiquemixte.sfam.org\/?page_id=80\">De l\u2019orchestration de la musique \u00e9lectroacoustique<\/a><\/td>\n<\/tr>\n<tr>\n<td><\/td>\n<td><\/td>\n<\/tr>\n<tr>\n<td>14h00-15h30<\/td>\n<td><strong>Session 2 :\u00a0analyse d\u2019oeuvres<br \/>\n<\/strong>Session pr\u00e9sid\u00e9e par Pierre Couprie<br \/>\nGilles Cabanes, <a href=\"http:\/\/musiquemixte.sfam.org\/?page_id=76\"><em>Lumina<\/em> d\u2019Ivo Malec : analyse morphologique et structurelle<\/a><br \/>\nOlivier Baudouin, <a href=\"http:\/\/musiquemixte.sfam.org\/?page_id=109\">Les <em>Studies<\/em> pour trompette et bande (1974) de Dexter Morrill : une analyse facturale<\/a><br \/>\nJohn Dack, <a href=\"http:\/\/musiquemixte.sfam.org\/?page_id=91\">The mediating role of the piano in Karlheinz Stockhausen\u2019s <em>\u2018Kontakte f\u00fcr elektronische Kl\u00e4nge, Klavier und Schlagzeug\u2019<\/em><\/a><\/td>\n<\/tr>\n<tr>\n<td>15h30<\/td>\n<td>Pause<\/td>\n<\/tr>\n<tr>\n<td>16h00-17h00<\/td>\n<td><strong>Session 3 : outils, m\u00e9thodes, questions (2)<br \/>\n<\/strong>Session pr\u00e9sid\u00e9e par Angelo Orcalli<br \/>\nPetra Bachrat\u00e1, <a href=\"http:\/\/musiquemixte.sfam.org\/?page_id=114\">Gesture based interactive musical models for analysis and composition of mixed music<\/a><br \/>\nAlain Bonardi, <a href=\"http:\/\/musiquemixte.sfam.org\/?page_id=102\">Analyser l\u2019orchestre num\u00e9rique interactif chez Manoury<\/a><\/td>\n<\/tr>\n<tr>\n<td>17h00-18h00<\/td>\n<td><strong><a href=\"http:\/\/musiquemixte.sfam.org\/?page_id=177\">Table ronde : comment transmettre la musique mixte ?<\/a><\/strong><br \/>\nMod\u00e9rateur : Vincent Tiffon<br \/>\nAvec Florence Baschet,\u00a0Luis Naon,\u00a0Roque Rivas,\u00a0Yann Robin<\/td>\n<\/tr>\n<\/tbody>\n<\/table>\n<table>\n<tbody>\n<tr>\n<td width=\"100px\">20h00<\/td>\n<td><strong>Concert Solo<\/strong><br \/>\nCentre Pompidou, Grande salle<br \/>\n\u0152uvres de Fr\u00e9d\u00e9ric Kahn, Miroslav Srnka, Dai Fujikura, J\u00e9r\u00f4me Combier<br \/>\n<a href=\"http:\/\/www.ircam.fr\/calendrier.html?date=20120405&amp;event=1057\" target=\"_blank\">Renseignements<\/a><\/td>\n<\/tr>\n<\/tbody>\n<\/table>\n<h2>Vendredi 6 avril 2012<\/h2>\n<p>Lieu : <a href=\"http:\/\/musiquemixte.sfam.org\/?page_id=18\">IRCAM, salle Igor-Stravinsky<\/a><\/p>\n<table>\n<tbody>\n<tr>\n<td width=\"100px\">9h30-11h00<\/td>\n<td><strong>Session 4 :\u00a0Analyse de processus cr\u00e9ateurs (1)<br \/>\n<\/strong>Session pr\u00e9sid\u00e9e par Laura Zattra<br \/>\nBruno Bossis, <a href=\"http:\/\/musiquemixte.sfam.org\/?page_id=126\">La notation de l\u2019\u00e9lectronique sur les partitions des musiques mixtes : analyse relationnelle \u00e0 partir des indications \u00e9crites par les compositeurs<\/a><br \/>\nFran\u00e7ois-Xavier F\u00e9ron, Guillaume Boutard, <a href=\"http:\/\/musiquemixte.sfam.org\/?page_id=105\">L\u2019(a)perception de l\u2019\u00e9lectronique par les interpr\u00e8tes dans les \u0153uvres mixtes en temps r\u00e9el pour instrument seul<\/a><br \/>\nMiriam Akkermann, <a href=\"http:\/\/musiquemixte.sfam.org\/?page_id=120\">Composing an instrument \u2013 improvising a composition. Analysis approach to David Wessel\u2019s <em>Contact Turbulents<\/em><\/a><\/td>\n<\/tr>\n<tr>\n<td>11h00<\/td>\n<td>Pause<\/td>\n<\/tr>\n<tr>\n<td>11h30-13h00<\/td>\n<td><strong>Session 5 :\u00a0corpus<br \/>\n<\/strong>Session pr\u00e9sid\u00e9e par Bruno Bossis<br \/>\nChristophe Havel, Luis Velasco Pufleau, <a href=\"http:\/\/musiquemixte.sfam.org\/?page_id=86\">Le mat\u00e9riau sonore et le geste musical dans l\u2019analyse de la musique mixte<\/a><br \/>\nRenaud Meric, <a href=\"http:\/\/musiquemixte.sfam.org\/?page_id=117\">Les \u0153uvres mixtes d\u2019Agostino Di Scipio<\/a><br \/>\nMakis Solomos, <a href=\"http:\/\/musiquemixte.sfam.org\/?page_id=129\">Analyser la musique mixte de Xenakis. Une premi\u00e8re approche<\/a><\/td>\n<\/tr>\n<tr>\n<td><\/td>\n<td><\/td>\n<\/tr>\n<tr>\n<td>14h30<\/td>\n<td><strong>Workshop : multim\u00e9dia<\/strong><br \/>\nMod\u00e9rateur : Nicolas Donin<br \/>\nPierre Couprie,\u00a0<a href=\"http:\/\/musiquemixte.sfam.org\/?page_id=155\">Le projet <em>New Multimedia Tools for Electroacoustic Music Analysis<\/em> (Universit\u00e9 De Montfort, Leicester)<\/a><br \/>\nAndrew Gerzso, <a href=\"http:\/\/musiquemixte.sfam.org\/?page_id=188\">Le projet R\u00e9pertoire de l\u2019Ircam<\/a><\/td>\n<\/tr>\n<tr>\n<td>16h00<\/td>\n<td>Pause<\/td>\n<\/tr>\n<tr>\n<td>16h30-18h00<\/td>\n<td><strong>Session 6 : analyse de processus cr\u00e9ateur (2)<br \/>\n<\/strong>Session pr\u00e9sid\u00e9e par Alain Bonardi<br \/>\nNo\u00e9mie Sprenger-Ohana, <a href=\"http:\/\/musiquemixte.sfam.org\/?page_id=97\">Analyse du processus de composition mixte chez Luis Naon : le cas de <em>Claustrum<\/em><\/a><br \/>\nLaura Zattra, Ian Burleigh, Sallis Friedemann, <a href=\"http:\/\/musiquemixte.sfam.org\/?page_id=135\">Seeking virtual voices in Luigi Nono\u2019s <em>A Pierre<\/em> (1985) through a study of a performance and the creative process<\/a><br \/>\nLuca Cossettini, Angelo Orcalli, <a href=\"http:\/\/musiquemixte.sfam.org\/?page_id=112\">Writings forms and model in mixed spectral music: <em>Jour, Contre-jour<\/em> by G\u00e9rard Grisey<\/a><\/td>\n<\/tr>\n<tr>\n<td>18h00<\/td>\n<td>Fin du colloque<\/td>\n<\/tr>\n<\/tbody>\n<\/table>\n<h2>Conditions d&rsquo;acc\u00e8s<\/h2>\n<p>Entr\u00e9e libre aux conf\u00e9rences dans la limite des places disponibles.<\/p>\n","protected":false},"excerpt":{"rendered":"<p>Jeudi 5 avril 2012 Lieu : IRCAM, salle Igor-Stravinsky 9h00 Accueil 9h30 Ouverture du colloque Frank Madlener (Ircam) Bruno Bossis, Pierre Couprie (SFAM) 9h45-10h45 Keynote :\u00a0Angelo Orcalli Th\u00e9orie et interpr\u00e9tation dans l\u2019analyse de la musique mixte 10h45 Pause 11h00-12h30 Session &hellip; <a href=\"http:\/\/musiquemixte.sfam.org\/?page_id=23\">Continue reading <span class=\"meta-nav\">&rarr;<\/span><\/a><\/p>\n","protected":false},"author":1,"featured_media":0,"parent":0,"menu_order":2,"comment_status":"closed","ping_status":"closed","template":"","meta":[],"_links":{"self":[{"href":"http:\/\/musiquemixte.sfam.org\/index.php?rest_route=\/wp\/v2\/pages\/23"}],"collection":[{"href":"http:\/\/musiquemixte.sfam.org\/index.php?rest_route=\/wp\/v2\/pages"}],"about":[{"href":"http:\/\/musiquemixte.sfam.org\/index.php?rest_route=\/wp\/v2\/types\/page"}],"author":[{"embeddable":true,"href":"http:\/\/musiquemixte.sfam.org\/index.php?rest_route=\/wp\/v2\/users\/1"}],"replies":[{"embeddable":true,"href":"http:\/\/musiquemixte.sfam.org\/index.php?rest_route=%2Fwp%2Fv2%2Fcomments&post=23"}],"version-history":[{"count":46,"href":"http:\/\/musiquemixte.sfam.org\/index.php?rest_route=\/wp\/v2\/pages\/23\/revisions"}],"predecessor-version":[{"id":44,"href":"http:\/\/musiquemixte.sfam.org\/index.php?rest_route=\/wp\/v2\/pages\/23\/revisions\/44"}],"wp:attachment":[{"href":"http:\/\/musiquemixte.sfam.org\/index.php?rest_route=%2Fwp%2Fv2%2Fmedia&parent=23"}],"curies":[{"name":"wp","href":"https:\/\/api.w.org\/{rel}","templated":true}]}}