{"id":177,"date":"2012-03-04T08:14:28","date_gmt":"2012-03-04T08:14:28","guid":{"rendered":"http:\/\/musiquemixte.sfam.org\/?page_id=177"},"modified":"2012-03-08T21:51:18","modified_gmt":"2012-03-08T21:51:18","slug":"table-ronde-comment-transmettre-la-musique-mixte","status":"publish","type":"page","link":"http:\/\/musiquemixte.sfam.org\/?page_id=177","title":{"rendered":"Table ronde : comment transmettre la musique mixte ?"},"content":{"rendered":"<p><strong>Mod\u00e9rateur :<\/strong> Vincent Tiffon<\/p>\n<p><strong>Participants :<\/strong><\/p>\n<ul>\n<li>Florence Baschet, compositrice<\/li>\n<li>Luis Naon, professeur de \u00ab\u00a0Composition et Nouvelles technologies\u00a0\u00bb (CNSMDP) et de \u00ab\u00a0composition Electroacoustique\u00a0\u00bb (Haute Ecole de Musique de Gen\u00e8ve)<\/li>\n<li>Roque Rivas, compositeur<\/li>\n<li>Yann Robin, compositeur<\/li>\n<\/ul>\n<p>Cette table ronde sera l&rsquo;occasion de comprendre comment les compositeurs abordent la question de la transmission sp\u00e9cifique (ou non) de la musique mixte.<\/p>\n<p>Qu&rsquo;est-ce qu&rsquo;enseigner la musique mixte dans la pratique p\u00e9dagogique aujourd&rsquo;hui? Que transmettre, comment transmettre? Quelle est la part de la tradition orale dans l&rsquo;apprentissage du \u00ab\u00a0m\u00e9tier\u00a0\u00bb de compositeur de musique mixte? Quelle place occupe la figure du RIM dans la transmission des oeuvres mixtes?<\/p>\n<p>On s&rsquo;interrogera \u00e9galement sur le outils analytiques que les compositeurs peuvent utiliser \u00e0 la fois pour aborder les oeuvres de leurs confr\u00e8res, et pour transmettre sp\u00e9cificit\u00e9s du genre mixte aupr\u00e8s de leurs \u00e9l\u00e8ves.<\/p>\n","protected":false},"excerpt":{"rendered":"<p>Mod\u00e9rateur : Vincent Tiffon Participants : Florence Baschet, compositrice Luis Naon, professeur de \u00ab\u00a0Composition et Nouvelles technologies\u00a0\u00bb (CNSMDP) et de \u00ab\u00a0composition Electroacoustique\u00a0\u00bb (Haute Ecole de Musique de Gen\u00e8ve) Roque Rivas, compositeur Yann Robin, compositeur Cette table ronde sera l&rsquo;occasion de &hellip; <a href=\"http:\/\/musiquemixte.sfam.org\/?page_id=177\">Continue reading <span class=\"meta-nav\">&rarr;<\/span><\/a><\/p>\n","protected":false},"author":1,"featured_media":0,"parent":0,"menu_order":0,"comment_status":"closed","ping_status":"closed","template":"","meta":[],"_links":{"self":[{"href":"http:\/\/musiquemixte.sfam.org\/index.php?rest_route=\/wp\/v2\/pages\/177"}],"collection":[{"href":"http:\/\/musiquemixte.sfam.org\/index.php?rest_route=\/wp\/v2\/pages"}],"about":[{"href":"http:\/\/musiquemixte.sfam.org\/index.php?rest_route=\/wp\/v2\/types\/page"}],"author":[{"embeddable":true,"href":"http:\/\/musiquemixte.sfam.org\/index.php?rest_route=\/wp\/v2\/users\/1"}],"replies":[{"embeddable":true,"href":"http:\/\/musiquemixte.sfam.org\/index.php?rest_route=%2Fwp%2Fv2%2Fcomments&post=177"}],"version-history":[{"count":6,"href":"http:\/\/musiquemixte.sfam.org\/index.php?rest_route=\/wp\/v2\/pages\/177\/revisions"}],"predecessor-version":[{"id":185,"href":"http:\/\/musiquemixte.sfam.org\/index.php?rest_route=\/wp\/v2\/pages\/177\/revisions\/185"}],"wp:attachment":[{"href":"http:\/\/musiquemixte.sfam.org\/index.php?rest_route=%2Fwp%2Fv2%2Fmedia&parent=177"}],"curies":[{"name":"wp","href":"https:\/\/api.w.org\/{rel}","templated":true}]}}