{"id":155,"date":"2012-03-01T09:44:12","date_gmt":"2012-03-01T09:44:12","guid":{"rendered":"http:\/\/musiquemixte.sfam.org\/?page_id=155"},"modified":"2012-03-02T09:42:45","modified_gmt":"2012-03-02T09:42:45","slug":"le-projet-new-multimedia-tools-for-electroacoustic-music-analysis","status":"publish","type":"page","link":"http:\/\/musiquemixte.sfam.org\/?page_id=155","title":{"rendered":"Le projet New Multimedia Tools for Electroacoustic Music Analysis (Universit\u00e9 De Montfort, Leicester)"},"content":{"rendered":"<p>Le projet <em>New Multimedia Tools for Electroacoustic Music Analysis<\/em> est men\u00e9 par le\u00a0<em><a href=\"http:\/\/www.mti.dmu.ac.uk\/\" target=\"_blank\">Music Technology and Innovation Research Centre<\/a><\/em> de l&rsquo;Universit\u00e9 de Montfort de Leicester (Grande-Bretagne). Il est subventionn\u00e9 par le <em>Arts and Humanities Research Council<\/em> (<a href=\"http:\/\/www.ahrc.ac.uk\" target=\"_blank\">AHRC<\/a>). Ce projet de recherche sur 3 ans a pour objectif de d\u00e9velopper une boite \u00e0 outils et un logiciel pour l&rsquo;analyse de la musique \u00e9lectroacoustique. Il vise \u00e0 rassembler les m\u00e9thodes existantes et s&rsquo;engage dans le d\u00e9veloppement et l&rsquo;utilisation d&rsquo;outils interactifs et hyperm\u00e9dias afin de les appliquer \u00e0 un corpus d&rsquo;\u0153uvres et \u00e9valuer leurs pertinences. Le projet permettra ainsi de proposer des m\u00e9thodes et des outils en fonctions des approches analytiques et d&rsquo;avoir une meilleure compr\u00e9hension du genre \u00e9lectroacoustique.<\/p>\n<p>Le projet est plac\u00e9 sous la direction des professeurs Simon Emmerson et Leigh Landy de l&rsquo;Universit\u00e9 De Montfort. Il r\u00e9unit le musicologue et d\u00e9veloppeur\u00a0Pierre Couprie et le postdoctorant Mike Gatt.<\/p>\n<p>Mike Gatt d\u00e9veloppe et anime le site <a href=\"http:\/\/www.orema.dmu.ac.uk\" target=\"_blank\">OREMA<\/a>\u00a0(<em>Online Repository for Electroacoustic Music Analysis<\/em>)\u00a0qui permet aux musicologues de partager leurs analyses d&rsquo;\u0153uvres et discuter des m\u00e9thodes et des outils.<\/p>\n<p>Pierre Couprie d\u00e9veloppe le logiciel <a href=\"http:\/\/eanalysis.pierrecouprie.fr\/\" target=\"_blank\">EAnalysis<\/a>\u00a0afin de proposer un outil intuitif et complet pour l&rsquo;analyse de la musique \u00e9lectroacoustique et explorer de nouveaux modes de repr\u00e9sentations graphiques.<\/p>\n<h2>Pierre Couprie<\/h2>\n<p><a href=\"http:\/\/www.pierrecouprie.fr\" target=\"_blank\">http:\/\/www.pierrecouprie.fr <\/a><br \/>\n<a href=\"http:\/\/logiciels.pierrecouprie.fr\" target=\"_blank\">http:\/\/logiciels.pierrecouprie.fr<\/a><\/p>\n<p>Ma\u00eetre de conf\u00e9rence \u00e0 l\u2019Universit\u00e9 de Paris-Sorbonne (IUFM), compositeur, musicien improvisateur et d\u00e9veloppeur, il concentre ses recherches sur la musique \u00e9lectroacoustique, la m\u00e9diation p\u00e9dagogique et le d\u00e9veloppement d\u2019outils interactifs pour l\u2019analyse et la performance musicale.<\/p>\n","protected":false},"excerpt":{"rendered":"<p>Le projet New Multimedia Tools for Electroacoustic Music Analysis est men\u00e9 par le\u00a0Music Technology and Innovation Research Centre de l&rsquo;Universit\u00e9 de Montfort de Leicester (Grande-Bretagne). Il est subventionn\u00e9 par le Arts and Humanities Research Council (AHRC). Ce projet de recherche &hellip; <a href=\"http:\/\/musiquemixte.sfam.org\/?page_id=155\">Continue reading <span class=\"meta-nav\">&rarr;<\/span><\/a><\/p>\n","protected":false},"author":1,"featured_media":0,"parent":0,"menu_order":0,"comment_status":"closed","ping_status":"closed","template":"","meta":[],"_links":{"self":[{"href":"http:\/\/musiquemixte.sfam.org\/index.php?rest_route=\/wp\/v2\/pages\/155"}],"collection":[{"href":"http:\/\/musiquemixte.sfam.org\/index.php?rest_route=\/wp\/v2\/pages"}],"about":[{"href":"http:\/\/musiquemixte.sfam.org\/index.php?rest_route=\/wp\/v2\/types\/page"}],"author":[{"embeddable":true,"href":"http:\/\/musiquemixte.sfam.org\/index.php?rest_route=\/wp\/v2\/users\/1"}],"replies":[{"embeddable":true,"href":"http:\/\/musiquemixte.sfam.org\/index.php?rest_route=%2Fwp%2Fv2%2Fcomments&post=155"}],"version-history":[{"count":6,"href":"http:\/\/musiquemixte.sfam.org\/index.php?rest_route=\/wp\/v2\/pages\/155\/revisions"}],"predecessor-version":[{"id":157,"href":"http:\/\/musiquemixte.sfam.org\/index.php?rest_route=\/wp\/v2\/pages\/155\/revisions\/157"}],"wp:attachment":[{"href":"http:\/\/musiquemixte.sfam.org\/index.php?rest_route=%2Fwp%2Fv2%2Fmedia&parent=155"}],"curies":[{"name":"wp","href":"https:\/\/api.w.org\/{rel}","templated":true}]}}