{"id":129,"date":"2012-02-22T17:33:50","date_gmt":"2012-02-22T17:33:50","guid":{"rendered":"http:\/\/musiquemixte.sfam.org\/?page_id=129"},"modified":"2012-02-22T17:33:50","modified_gmt":"2012-02-22T17:33:50","slug":"analyser-la-musique-mixte-de-xenakis-une-premiere-approche","status":"publish","type":"page","link":"http:\/\/musiquemixte.sfam.org\/?page_id=129","title":{"rendered":"Analyser la musique mixte de Xenakis. Une premi\u00e8re approche"},"content":{"rendered":"<p>La musique mixte de Xenakis n\u2019a pas encore fait l\u2019objet d\u2019une \u00e9tude particuli\u00e8re, sans doute parce qu\u2019elle ne contient que quelques \u0153uvres \u00e9parses et parce qu\u2019elle soul\u00e8ve des probl\u00e8mes h\u00e9t\u00e9rog\u00e8nes.<\/p>\n<p>Cette premi\u00e8re approche tentera tout d\u2019abord de d\u00e9limiter les \u0153uvres mixtes, ce qui soul\u00e8vera la question de la d\u00e9finition de la notion m\u00eame de mixit\u00e9. Une d\u00e9finition stricte nous limiterait \u00e0 trois \u0153uvres\u00a0: <em>Analogique A et B<\/em> (9 cordes et bande, 1958-59), <em>Kraanerg<\/em> (ensemble instrumental et bande, 1968-69) et <em>Pour la Paix<\/em> (r\u00e9citants, ch\u0153ur et bande, 1981). Une d\u00e9finition encore plus stricte exclurait <em>Kraanerg<\/em>, car la bande est principalement compos\u00e9e de sons instrumentaux retravaill\u00e9s. Une d\u00e9finition plus large comprendrait le <em>Polytope de Cluny<\/em> ou <em>La L\u00e9gende d\u2019Eer<\/em> qui sont des musiques pour bande, mais qui comprennent de nombreux sons instrumentaux tr\u00e8s peu retravaill\u00e9s.<\/p>\n<p>Cette premi\u00e8re approche \u00e9voquera ensuite les enjeux musicaux de quelques pi\u00e8ces et, simultan\u00e9ment, proposera des approches analytiques. Elle se limitera ici \u00e0 deux pi\u00e8ces\u00a0: <em>Analogique A et B<\/em>, o\u00f9 Xenakis d\u00e9veloppe l\u2019hypoth\u00e8se granulaire du son, cherchant \u00e0 la v\u00e9rifier tant par un travail sur la bande (sons sinuso\u00efdaux) que par l\u2019\u00e9criture instrumentale\u00a0; <em>\u00a0Pour la paix<\/em>, o\u00f9 les sons de l\u2019UPIC jouent souvent un r\u00f4le figuratif (illustrant le texte lu par les r\u00e9citants) et, parfois, s\u2019entrem\u00ealent au ch\u0153ur pour fa\u00e7onner un nouveau son global.<\/p>\n<h2>Makis Solomos<\/h2>\n<p>Makis Solomos was born in 1962 in Greece and he is living in France since 1980. He is Professor of musicology at Universit\u00e9 Paris 8. He is specialist of Xenakis: PhD on the notion of \u201csonority\u201d, many articles and papers that deal with new questions, two book (<em>Iannis Xenakis<\/em>, Mercu\u00e8s, PO Editions, 1996; updated in 2004; <em>Iannis Xenakis.<\/em> <em>To syban enos idiotypou dimiourgou<\/em>, Athens, Alexandreia, 2008), many conferences in various countries\u2026 He also published a detailed commented bibliography of writings of\/on Xenakis and the first Greek edition of Xenakis\u2019 writings (<em>Keimena peri moussikis kai architektonikis<\/em>, Athens, Psychogios, 2001), and he organized (with the Cdmc and Radio France, Paris) in 1998 the first international symposium on Xenakis and the <em>International Symposium Iannis Xenakis<\/em>, Athens, May 2005. He is also the author of numerous publications about recent music, and the cofounder of the review <em>Filigrane. Musique, <\/em><em>esth\u00e9tique,<\/em><em> sciences, soci\u00e9t\u00e9<\/em>. His new book (forthcoming) is: <em>De la musique au son. L\u2019\u00e9mergence du son dans la musique r\u00e9cente<\/em>. He is preparing a book about Xenakis\u2019 electroacoustic music.<\/p>\n","protected":false},"excerpt":{"rendered":"<p>La musique mixte de Xenakis n\u2019a pas encore fait l\u2019objet d\u2019une \u00e9tude particuli\u00e8re, sans doute parce qu\u2019elle ne contient que quelques \u0153uvres \u00e9parses et parce qu\u2019elle soul\u00e8ve des probl\u00e8mes h\u00e9t\u00e9rog\u00e8nes. Cette premi\u00e8re approche tentera tout d\u2019abord de d\u00e9limiter les \u0153uvres &hellip; <a href=\"http:\/\/musiquemixte.sfam.org\/?page_id=129\">Continue reading <span class=\"meta-nav\">&rarr;<\/span><\/a><\/p>\n","protected":false},"author":1,"featured_media":0,"parent":0,"menu_order":0,"comment_status":"closed","ping_status":"closed","template":"","meta":[],"_links":{"self":[{"href":"http:\/\/musiquemixte.sfam.org\/index.php?rest_route=\/wp\/v2\/pages\/129"}],"collection":[{"href":"http:\/\/musiquemixte.sfam.org\/index.php?rest_route=\/wp\/v2\/pages"}],"about":[{"href":"http:\/\/musiquemixte.sfam.org\/index.php?rest_route=\/wp\/v2\/types\/page"}],"author":[{"embeddable":true,"href":"http:\/\/musiquemixte.sfam.org\/index.php?rest_route=\/wp\/v2\/users\/1"}],"replies":[{"embeddable":true,"href":"http:\/\/musiquemixte.sfam.org\/index.php?rest_route=%2Fwp%2Fv2%2Fcomments&post=129"}],"version-history":[{"count":1,"href":"http:\/\/musiquemixte.sfam.org\/index.php?rest_route=\/wp\/v2\/pages\/129\/revisions"}],"predecessor-version":[{"id":130,"href":"http:\/\/musiquemixte.sfam.org\/index.php?rest_route=\/wp\/v2\/pages\/129\/revisions\/130"}],"wp:attachment":[{"href":"http:\/\/musiquemixte.sfam.org\/index.php?rest_route=%2Fwp%2Fv2%2Fmedia&parent=129"}],"curies":[{"name":"wp","href":"https:\/\/api.w.org\/{rel}","templated":true}]}}