{"id":117,"date":"2012-02-22T17:27:53","date_gmt":"2012-02-22T17:27:53","guid":{"rendered":"http:\/\/musiquemixte.sfam.org\/?page_id=117"},"modified":"2012-02-22T17:27:53","modified_gmt":"2012-02-22T17:27:53","slug":"les-oeuvres-mixtes-dagostino-di-scipio","status":"publish","type":"page","link":"http:\/\/musiquemixte.sfam.org\/?page_id=117","title":{"rendered":"Les \u0153uvres mixtes d\u2019Agostino Di Scipio"},"content":{"rendered":"<p>Dans les \u0153uvres mixtes d\u2019Agostino Di Scipio, compositeur qui s\u2019int\u00e9resse essentiellement au domaine de la musique num\u00e9rique, les instruments sont g\u00e9n\u00e9ralement consid\u00e9r\u00e9s et int\u00e9gr\u00e9s comme une partie active d\u2019un syst\u00e8me de <em>live electronics<\/em>. Dans ces \u0153uvres qui s\u2019articulent g\u00e9n\u00e9ralement autour d\u2019un syst\u00e8me de feedback \u00e9labor\u00e9, l\u2019espace tient alors une place essentielle\u00a0: c\u2019est le lieu au sein duquel et \u00e0 partir duquel s\u2019effectuent toutes les relations entre l\u2019instrument, les traitements en direct et l\u2019auditeur. Le syst\u00e8me num\u00e9rique, con\u00e7u pour r\u00e9agir en direct aux conditions sonores (cr\u00e9\u00e9es par les diff\u00e9rents acteurs\u00a0: instruments, haut-parleurs, et salle), doit ainsi s\u2019adapter en permanence pour permettre \u00e0 la partie sonore dans son ensemble de \u00ab\u00a0survivre\u00a0\u00bb, de conserver un \u00e9quilibre dynamique et de rester int\u00e9ressante sur le plan sonore et musical. L\u2019\u0153uvre, fragile et \u00e9ph\u00e9m\u00e8re, que nous \u00e9coutons <em>\u00e9merge<\/em> ainsi de la rencontre de plusieurs param\u00e8tres changeants et interd\u00e9pendants\u00a0: la partie instrumentale (\u00e9crite), l\u2019interpr\u00e9tation, les caract\u00e9ristiques acoustiques et sonores du lieu, la r\u00e9action du syst\u00e8me et enfin l\u2019\u00e9coute.<\/p>\n<p>Dans cet univers musical tr\u00e8s particulier, tr\u00e8s fragile, sans cesse renouvel\u00e9, comment analyser ces pi\u00e8ces mixtes\u00a0? Que faut-il analyser\u00a0? Comment analyser l\u2019influence de la partie instrumentale sur le syst\u00e8me live electronics\u00a0? La sp\u00e9cificit\u00e9 de la d\u00e9marche d\u2019Agostino Di Scipio exige un questionnement esth\u00e9tique permanent et une remise en cause de l\u2019analyse musicale\u2026<\/p>\n<h2>Renaud Meric<\/h2>\n<p>Renaud Meric est docteur en musicologie (Th\u00e8se sous la direction de Makis Solomos\u00a0: <em>L\u2019appr\u00e9hension spatiale de l\u2019\u00e9coute\u00a0: un mouvement entre imagination et perception<\/em>.<em> L\u2019exemple de la musique \u00e9lectroacoustique<\/em>). Ses recherches s\u2019int\u00e9ressent aux relations entre l\u2019\u00e9coute et le son, en particulier aux relations spatiales. Il a \u00e9galement \u00e9tudi\u00e9 au conservatoire de Marseille \/ GMEM et a publi\u00e9 plusieurs articles sur la musique d\u2019Agostino Di Scipio et de Iannis Xenakis.<\/p>\n","protected":false},"excerpt":{"rendered":"<p>Dans les \u0153uvres mixtes d\u2019Agostino Di Scipio, compositeur qui s\u2019int\u00e9resse essentiellement au domaine de la musique num\u00e9rique, les instruments sont g\u00e9n\u00e9ralement consid\u00e9r\u00e9s et int\u00e9gr\u00e9s comme une partie active d\u2019un syst\u00e8me de live electronics. Dans ces \u0153uvres qui s\u2019articulent g\u00e9n\u00e9ralement autour &hellip; <a href=\"http:\/\/musiquemixte.sfam.org\/?page_id=117\">Continue reading <span class=\"meta-nav\">&rarr;<\/span><\/a><\/p>\n","protected":false},"author":1,"featured_media":0,"parent":0,"menu_order":0,"comment_status":"closed","ping_status":"closed","template":"","meta":[],"_links":{"self":[{"href":"http:\/\/musiquemixte.sfam.org\/index.php?rest_route=\/wp\/v2\/pages\/117"}],"collection":[{"href":"http:\/\/musiquemixte.sfam.org\/index.php?rest_route=\/wp\/v2\/pages"}],"about":[{"href":"http:\/\/musiquemixte.sfam.org\/index.php?rest_route=\/wp\/v2\/types\/page"}],"author":[{"embeddable":true,"href":"http:\/\/musiquemixte.sfam.org\/index.php?rest_route=\/wp\/v2\/users\/1"}],"replies":[{"embeddable":true,"href":"http:\/\/musiquemixte.sfam.org\/index.php?rest_route=%2Fwp%2Fv2%2Fcomments&post=117"}],"version-history":[{"count":1,"href":"http:\/\/musiquemixte.sfam.org\/index.php?rest_route=\/wp\/v2\/pages\/117\/revisions"}],"predecessor-version":[{"id":118,"href":"http:\/\/musiquemixte.sfam.org\/index.php?rest_route=\/wp\/v2\/pages\/117\/revisions\/118"}],"wp:attachment":[{"href":"http:\/\/musiquemixte.sfam.org\/index.php?rest_route=%2Fwp%2Fv2%2Fmedia&parent=117"}],"curies":[{"name":"wp","href":"https:\/\/api.w.org\/{rel}","templated":true}]}}