{"id":11,"date":"2011-11-24T20:32:09","date_gmt":"2011-11-24T20:32:09","guid":{"rendered":"http:\/\/musiquemixte.sfam.org\/?page_id=11"},"modified":"2012-03-31T04:42:52","modified_gmt":"2012-03-31T04:42:52","slug":"comites","status":"publish","type":"page","link":"http:\/\/musiquemixte.sfam.org\/?page_id=11","title":{"rendered":"Comit\u00e9s"},"content":{"rendered":"<h2>Comit\u00e9 d&rsquo;organisation<\/h2>\n<p>Jean-Michel Bardez, SFAM<br \/>\nSylvie Benoit, IRCAM<br \/>\nAlain Bonardi, IRCAM, Universit\u00e9 Paris 8<br \/>\nBruno Bossis, SFAM,\u00a0Universit\u00e9 Rennes 2, MINT\/OMF\/Paris-Sorbonne<br \/>\nPierre Couprie, SFAM, MINT\/OMF\/IUFM\/Universit\u00e9 Paris-Sorbonne<br \/>\nNicolas Donin, SFAM,\u00a0IRCAM<br \/>\nVincent Tiffon, Universit\u00e9 Lille-Nord de France \/ IRCAM<br \/>\nHugues Vinet, IRCAM<\/p>\n<h2>Comit\u00e9 scientifique<\/h2>\n<p>Marc Battier, MINT\/Universit\u00e9 Paris-Sorbonne<br \/>\nAlain Bonardi, IRCAM, Universit\u00e9 Paris 8<br \/>\nBruno Bossis, Universit\u00e9 Rennes 2, MINT\/OMF\/Paris-Sorbonne<br \/>\nMichael Clarke, Universit\u00e9 Huddersfield<br \/>\nPierre Couprie, MINT\/OMF\/IUFM\/Universit\u00e9 Paris-Sorbonne<br \/>\nJean-Marc Chouvel, Universit\u00e9 de Reims<br \/>\nAntonio de Sousa Dias, Universit\u00e9 catholique portuguaise<br \/>\nNicolas Donin, IRCAM<br \/>\nChristian Eloy, SCRIME<br \/>\nLeigh Landy, Universit\u00e9 de Montfort<br \/>\nJean Pich\u00e9, Universit\u00e9 de Montr\u00e9al<br \/>\nLaurent Pottier, Universit\u00e9 Jean Monnet de Saint-Etienne<br \/>\nJean-Claude Risset, LMA\/CNRS<br \/>\nAnne Sed\u00e8s, Universit\u00e9 de Paris 8<br \/>\nDaniel Teruggi, INA-GRM<br \/>\nVincent Tiffon, Universit\u00e9 Lille-Nord de France \/ IRCAM<br \/>\nLaura Zattra, CSC, Universit\u00e9 de Padoue<\/p>\n","protected":false},"excerpt":{"rendered":"<p>Comit\u00e9 d&rsquo;organisation Jean-Michel Bardez, SFAM Sylvie Benoit, IRCAM Alain Bonardi, IRCAM, Universit\u00e9 Paris 8 Bruno Bossis, SFAM,\u00a0Universit\u00e9 Rennes 2, MINT\/OMF\/Paris-Sorbonne Pierre Couprie, SFAM, MINT\/OMF\/IUFM\/Universit\u00e9 Paris-Sorbonne Nicolas Donin, SFAM,\u00a0IRCAM Vincent Tiffon, Universit\u00e9 Lille-Nord de France \/ IRCAM Hugues Vinet, IRCAM Comit\u00e9 &hellip; <a href=\"http:\/\/musiquemixte.sfam.org\/?page_id=11\">Continue reading <span class=\"meta-nav\">&rarr;<\/span><\/a><\/p>\n","protected":false},"author":1,"featured_media":0,"parent":0,"menu_order":1,"comment_status":"closed","ping_status":"closed","template":"","meta":[],"_links":{"self":[{"href":"http:\/\/musiquemixte.sfam.org\/index.php?rest_route=\/wp\/v2\/pages\/11"}],"collection":[{"href":"http:\/\/musiquemixte.sfam.org\/index.php?rest_route=\/wp\/v2\/pages"}],"about":[{"href":"http:\/\/musiquemixte.sfam.org\/index.php?rest_route=\/wp\/v2\/types\/page"}],"author":[{"embeddable":true,"href":"http:\/\/musiquemixte.sfam.org\/index.php?rest_route=\/wp\/v2\/users\/1"}],"replies":[{"embeddable":true,"href":"http:\/\/musiquemixte.sfam.org\/index.php?rest_route=%2Fwp%2Fv2%2Fcomments&post=11"}],"version-history":[{"count":13,"href":"http:\/\/musiquemixte.sfam.org\/index.php?rest_route=\/wp\/v2\/pages\/11\/revisions"}],"predecessor-version":[{"id":15,"href":"http:\/\/musiquemixte.sfam.org\/index.php?rest_route=\/wp\/v2\/pages\/11\/revisions\/15"}],"wp:attachment":[{"href":"http:\/\/musiquemixte.sfam.org\/index.php?rest_route=%2Fwp%2Fv2%2Fmedia&parent=11"}],"curies":[{"name":"wp","href":"https:\/\/api.w.org\/{rel}","templated":true}]}}