{"id":102,"date":"2012-02-22T17:17:25","date_gmt":"2012-02-22T17:17:25","guid":{"rendered":"http:\/\/musiquemixte.sfam.org\/?page_id=102"},"modified":"2012-02-22T17:17:25","modified_gmt":"2012-02-22T17:17:25","slug":"analyser-lorchestre-numerique-interactif-chez-manoury","status":"publish","type":"page","link":"http:\/\/musiquemixte.sfam.org\/?page_id=102","title":{"rendered":"Analyser l\u2019orchestre num\u00e9rique interactif chez Manoury"},"content":{"rendered":"<p>Partant du patch Max\/MSP de <em>En Echo<\/em> de Manoury, nous nous int\u00e9ressons \u00e0 la description abstraite des sources \u00e9lectroniques, que ce soit un patch ou tout autre programme\u00a0; elle se heurte \u00e0 deux probl\u00e8mes de cat\u00e9gorisation : d\u2019une part, la difficult\u00e9 de constitution d\u2019une organologie de ce type de traitements; d\u2019autre part, les possibilit\u00e9s presque illimit\u00e9es de combinaison des transformations du signal num\u00e9rique, conduisant \u00e0 une difficult\u00e9 d\u2019identification des causes \u00e9l\u00e9mentaires et de leurs interactions.<\/p>\n<p>Face \u00e0 cette question, nous avons \u00e9galement constat\u00e9 l\u2019\u00e9cart irr\u00e9ductible entre la partition et le patch :<\/p>\n<ul>\n<li>la partition dit peu de choses du fonctionnement du patch, la rabat parfois sur les cat\u00e9gories musicales traditionnelles, ou sugg\u00e8re graphiquement le fonctionnement et\/ou le r\u00e9sultat sonore\u00a0;<\/li>\n<li>\u00a0le patch renvoie en g\u00e9n\u00e9ral peu \u00e0 la partition.<\/li>\n<\/ul>\n<p>Il se d\u00e9gage un espace de repr\u00e9sentations interm\u00e9diaires entre partition et patch. Notre recherche se concentre sur la repr\u00e9sentation de \u00ab\u00a0l\u2019orchestre num\u00e9rique interactif\u00a0\u00bb chez Manoury :<\/p>\n<ul>\n<li>ces repr\u00e9sentations s\u2019articulent selon trois niveaux\u00a0: individuel au niveau de chaque module synchrone\u00a0; collectif au niveau de l\u2019association de ces modules\u00a0; et temporel, pour prendre en compte la dimension asynchrone li\u00e9e aux interactions.<\/li>\n<li>on s\u2019int\u00e9resse en particulier \u00e0 la repr\u00e9sentation de la corr\u00e9lation entre les \u00ab\u00a0actions\u00a0\u00bb au sens large de la voix ou du r\u00e9alisateur en informatique musicale et la r\u00e9ponse de la machine.<\/li>\n<\/ul>\n<p>ces repr\u00e9sentations s\u2019expriment dans l\u2019environnement Max\/MSP servant \u00e0 la repr\u00e9sentation de l\u2019\u0153uvre et font appel \u00e0 des paradigmes informatiques.<\/p>\n<h2><strong>Alain Bonardi<\/strong><\/h2>\n<p>Ma\u00eetre de conf\u00e9rences HDR au d\u00e9partement de Musique de l\u2019Universit\u00e9 Paris 8, chercheur associ\u00e9 \u00e0 l\u2019IRCAM (\u00e9quipe Ing\u00e9nierie des Connaissances Musicales), compositeur et r\u00e9alisateur en informatique musicale, Alain Bonardi m\u00e8ne sa recherche sur les questions de p\u00e9rennisation, transmission et authenticit\u00e9 des musiques mixtes interactives. Il travaille sur les \u0153uvres avec \u00e9lectronique de Philippe Manoury depuis plus d\u2019une dizaine d\u2019ann\u00e9es. Il est l\u2019auteur d\u2019un ouvrage sur les relations entre art lyrique et informatique, <em>Repr\u00e9sentations op\u00e9rationnelles, l\u2019op\u00e9ra entre Berio et Turing<\/em>, aux Editions Delatour (2008).<\/p>\n","protected":false},"excerpt":{"rendered":"<p>Partant du patch Max\/MSP de En Echo de Manoury, nous nous int\u00e9ressons \u00e0 la description abstraite des sources \u00e9lectroniques, que ce soit un patch ou tout autre programme\u00a0; elle se heurte \u00e0 deux probl\u00e8mes de cat\u00e9gorisation : d\u2019une part, la &hellip; <a href=\"http:\/\/musiquemixte.sfam.org\/?page_id=102\">Continue reading <span class=\"meta-nav\">&rarr;<\/span><\/a><\/p>\n","protected":false},"author":1,"featured_media":0,"parent":0,"menu_order":0,"comment_status":"closed","ping_status":"closed","template":"","meta":[],"_links":{"self":[{"href":"http:\/\/musiquemixte.sfam.org\/index.php?rest_route=\/wp\/v2\/pages\/102"}],"collection":[{"href":"http:\/\/musiquemixte.sfam.org\/index.php?rest_route=\/wp\/v2\/pages"}],"about":[{"href":"http:\/\/musiquemixte.sfam.org\/index.php?rest_route=\/wp\/v2\/types\/page"}],"author":[{"embeddable":true,"href":"http:\/\/musiquemixte.sfam.org\/index.php?rest_route=\/wp\/v2\/users\/1"}],"replies":[{"embeddable":true,"href":"http:\/\/musiquemixte.sfam.org\/index.php?rest_route=%2Fwp%2Fv2%2Fcomments&post=102"}],"version-history":[{"count":1,"href":"http:\/\/musiquemixte.sfam.org\/index.php?rest_route=\/wp\/v2\/pages\/102\/revisions"}],"predecessor-version":[{"id":103,"href":"http:\/\/musiquemixte.sfam.org\/index.php?rest_route=\/wp\/v2\/pages\/102\/revisions\/103"}],"wp:attachment":[{"href":"http:\/\/musiquemixte.sfam.org\/index.php?rest_route=%2Fwp%2Fv2%2Fmedia&parent=102"}],"curies":[{"name":"wp","href":"https:\/\/api.w.org\/{rel}","templated":true}]}}